{"id":27,"date":"2021-07-30T11:05:56","date_gmt":"2021-07-30T11:05:56","guid":{"rendered":"https:\/\/new.levygraphie.lu\/?page_id=27"},"modified":"2021-08-13T10:09:22","modified_gmt":"2021-08-13T10:09:22","slug":"cookie-policy","status":"publish","type":"page","link":"https:\/\/www.levygraphie.lu\/en\/cookie-policy\/","title":{"rendered":"Cookie policy"},"content":{"rendered":"\t\t<div data-elementor-type=\"wp-page\" data-elementor-id=\"27\" class=\"elementor elementor-27\" data-elementor-post-type=\"page\">\n\t\t\t\t\t\t<section class=\"elementor-section elementor-top-section elementor-element elementor-element-19e7468 elementor-section-boxed elementor-section-height-default elementor-section-height-default parallax_section_no qode_elementor_container_no\" data-id=\"19e7468\" data-element_type=\"section\" data-e-type=\"section\">\n\t\t\t\t\t\t<div class=\"elementor-container elementor-column-gap-default\">\n\t\t\t\t\t<div class=\"elementor-column elementor-col-100 elementor-top-column elementor-element elementor-element-2923305\" data-id=\"2923305\" data-element_type=\"column\" data-e-type=\"column\">\n\t\t\t<div class=\"elementor-widget-wrap elementor-element-populated\">\n\t\t\t\t\t\t<div class=\"elementor-element elementor-element-f3ba998 elementor-widget elementor-widget-heading\" data-id=\"f3ba998\" data-element_type=\"widget\" data-e-type=\"widget\" data-widget_type=\"heading.default\">\n\t\t\t\t<div class=\"elementor-widget-container\">\n\t\t\t\t\t<h2 class=\"elementor-heading-title elementor-size-default\">Cookie policy<\/h2>\t\t\t\t<\/div>\n\t\t\t\t<\/div>\n\t\t\t\t\t<\/div>\n\t\t<\/div>\n\t\t\t\t\t<\/div>\n\t\t<\/section>\n\t\t\t\t<section class=\"elementor-section elementor-top-section elementor-element elementor-element-6345817 elementor-section-boxed elementor-section-height-default elementor-section-height-default parallax_section_no qode_elementor_container_no\" data-id=\"6345817\" data-element_type=\"section\" data-e-type=\"section\">\n\t\t\t\t\t\t<div class=\"elementor-container elementor-column-gap-default\">\n\t\t\t\t\t<div class=\"elementor-column elementor-col-100 elementor-top-column elementor-element elementor-element-ff12b6d\" data-id=\"ff12b6d\" data-element_type=\"column\" data-e-type=\"column\">\n\t\t\t<div class=\"elementor-widget-wrap elementor-element-populated\">\n\t\t\t\t\t\t<div class=\"elementor-element elementor-element-e656e2f elementor-widget elementor-widget-text-editor\" data-id=\"e656e2f\" data-element_type=\"widget\" data-e-type=\"widget\" data-widget_type=\"text-editor.default\">\n\t\t\t\t<div class=\"elementor-widget-container\">\n\t\t\t\t\t\t\t\t\t<p><strong>Que sont les cookies ?<\/strong><\/p>\n<p>Un cookie est un petit fichier contenant du texte qu&#8217;un site web sauvegarde sur votre ordinateur ou votre appareil mobile lorsque vous visitez ce site. Les cookies sont largement utilis\u00e9s pour faire fonctionner un site web, ou pour le faire fonctionner plus efficacement, ainsi que pour fournir des informations aux propri\u00e9taires du site.<\/p>\n<p><strong><br>Comment utilisons-nous les cookies ?<\/strong><\/p>\n<p>Le site web de <strong>Levygraphie<\/strong> utilise Google Analytics, un service d&#8217;analyse du web fourni par Google, Inc. (ci-apr\u00e8s &#8220;Google&#8221;) qui nous aide \u00e0 analyser l&#8217;usage qui est fait du site. \u00c0 cette fin, Google Analytics utilise des cookies, qui sont des fichiers textes plac\u00e9s sur votre ordinateur.<br><br><\/p>\n<p>Les informations g\u00e9n\u00e9r\u00e9es par les cookies concernant l&#8217;utilisation du site&nbsp;\u2013 informations types concernant l&#8217;acc\u00e8s \u00e0 l&#8217;internet (y compris votre adresse IP) et votre comportement de visiteur analys\u00e9es de mani\u00e8re anonyme&nbsp;\u2013 sont transmises \u00e0 Google, qui les stocke, y compris sur des serveurs install\u00e9s aux&nbsp;\u00c9tats-Unis. Nous rendons anonyme votre adresse IP avant de l&#8217;envoyer \u00e0 Google.<br><br><\/p>\n<p>Conform\u00e9ment \u00e0 la certification relative au bouclier de protection des donn\u00e9es, Google d\u00e9clare qu&#8217;il se conforme au cadre d\u00e9fini par le bouclier de protection des donn\u00e9es UE-\u00c9tats-Unis. Google peut transf\u00e9rer les informations recueillies par Google Analytics \u00e0 des tiers lorsque la loi l&#8217;exige ou lorsque ces tiers traitent les informations pour le compte de Google.&nbsp;<span style=\"color: var( --e-global-color-text ); font-family: var( --e-global-typography-text-font-family ), Sans-serif; font-weight: var( --e-global-typography-text-font-weight );\">Les conditions d&#8217;utilisation de&nbsp;Google Analytics pr\u00e9cisent que Google n&#8217;\u00e9tablit pas de lien entre l&#8217;adresse&nbsp;IP de la personne concern\u00e9e et d&#8217;autres donn\u00e9es d\u00e9tenues par Google.&nbsp;<\/span><span style=\"color: var( --e-global-color-text ); font-family: var( --e-global-typography-text-font-family ), Sans-serif; font-weight: var( --e-global-typography-text-font-weight );\">Vous pouvez refuser l&#8217;utilisation des cookies de Google Analytics&nbsp;en t\u00e9l\u00e9chargeant et en installant le module compl\u00e9mentaire du navigateur pour la d\u00e9sactivation de Google Analytics.<br><\/span><\/p>\n<ul>\n<li><a href=\"https:\/\/tools.google.com\/dlpage\/gaoptout?hl=fr\">Google Analytics Opt-out Browser Add-on<\/a><\/li>\n<\/ul>\n<p>Les cookies sont \u00e9galement utilis\u00e9s pour d\u00e9terminer si la personne concern\u00e9e a accept\u00e9 (ou non) d&#8217;utiliser des cookies sur le site <strong>Levygraphie<\/strong>, de fa\u00e7on \u00e0 ce que la question ne lui soit pas pos\u00e9e \u00e0 chaque fois qu&#8217;elle le consulte.<br><br><\/p>\n<p><strong>Comment g\u00e9rer les cookies ?<\/strong><\/p>\n<p>Vous pouvez g\u00e9rer et effacer des cookies comme vous le souhaitez. Vous pouvez effacer tous les cookies d\u00e9j\u00e0 enregistr\u00e9s sur votre ordinateur et vous pouvez configurer la plupart des navigateurs pour emp\u00eacher l&#8217;enregistrement des cookies.<br><br><\/p>\n<p><strong>Gestion des cookies dans votre navigateur<\/strong><\/p>\n<p>La plupart des navigateurs vous permettent:<\/p>\n<ul>\n<li>de consulter les cookies qui ont \u00e9t\u00e9 cr\u00e9\u00e9s et de les effacer individuellement;<\/li>\n<li>de bloquer les cookies cr\u00e9\u00e9s par des tiers;<\/li>\n<li>de bloquer les cookies cr\u00e9\u00e9s par certains sites;<\/li>\n<li>de bloquer tous les cookies, quelle que soit leur origine;<\/li>\n<li>d&#8217;effacer tous les cookies lorsque vous fermez votre navigateur.<\/li>\n<\/ul>\n<p>Si vous d\u00e9cidez d&#8217;effacer vos cookies, soyez conscient que toutes les pr\u00e9f\u00e9rences que vous avez \u00e9ventuellement param\u00e9tr\u00e9es seront perdues. En outre, si vous bloquez tous les cookies, de nombreux sites web ne fonctionneront plus correctement,<br><br><\/p>\n<p><em>Mis \u00e0 jour le 30 juillet 2021<\/em><\/p>\t\t\t\t\t\t\t\t<\/div>\n\t\t\t\t<\/div>\n\t\t\t\t\t<\/div>\n\t\t<\/div>\n\t\t\t\t\t<\/div>\n\t\t<\/section>\n\t\t\t\t<\/div>\n\t\t","protected":false},"excerpt":{"rendered":"<p>Cookie policy Que sont les cookies ? Un cookie est un petit fichier contenant du texte qu&#8217;un site web sauvegarde sur votre ordinateur ou votre appareil mobile lorsque vous visitez ce site. Les cookies sont largement utilis\u00e9s pour faire fonctionner un site web, ou pour&#8230;<\/p>\n","protected":false},"author":1,"featured_media":0,"parent":0,"menu_order":0,"comment_status":"closed","ping_status":"closed","template":"","meta":{"footnotes":""},"class_list":["post-27","page","type-page","status-publish","hentry"],"yoast_head":"<!-- This site is optimized with the Yoast SEO plugin v27.0 - https:\/\/yoast.com\/product\/yoast-seo-wordpress\/ -->\n<title>Cookie policy - Levygraphie - Professional photographer Luxembourg<\/title>\n<meta name=\"robots\" content=\"index, follow, max-snippet:-1, max-image-preview:large, max-video-preview:-1\" \/>\n<link rel=\"canonical\" href=\"https:\/\/www.levygraphie.lu\/en\/cookie-policy\/\" \/>\n<meta property=\"og:locale\" content=\"en_US\" \/>\n<meta property=\"og:type\" content=\"article\" \/>\n<meta property=\"og:title\" content=\"Cookie policy - Levygraphie - Professional photographer Luxembourg\" \/>\n<meta property=\"og:description\" content=\"Cookie policy Que sont les cookies ? Un cookie est un petit fichier contenant du texte qu&#8217;un site web sauvegarde sur votre ordinateur ou votre appareil mobile lorsque vous visitez ce site. Les cookies sont largement utilis\u00e9s pour faire fonctionner un site web, ou pour...\" \/>\n<meta property=\"og:url\" content=\"https:\/\/www.levygraphie.lu\/en\/cookie-policy\/\" \/>\n<meta property=\"og:site_name\" content=\"Levygraphie\" \/>\n<meta property=\"article:publisher\" content=\"https:\/\/www.facebook.com\/Levygraphie-206714406062166\" \/>\n<meta property=\"article:modified_time\" content=\"2021-08-13T10:09:22+00:00\" \/>\n<meta name=\"twitter:card\" content=\"summary_large_image\" \/>\n<meta name=\"twitter:label1\" content=\"Est. reading time\" \/>\n\t<meta name=\"twitter:data1\" content=\"2 minutes\" \/>\n<script type=\"application\/ld+json\" class=\"yoast-schema-graph\">{\"@context\":\"https:\/\/schema.org\",\"@graph\":[{\"@type\":\"WebPage\",\"@id\":\"https:\/\/www.levygraphie.lu\/en\/cookie-policy\/\",\"url\":\"https:\/\/www.levygraphie.lu\/en\/cookie-policy\/\",\"name\":\"Cookie policy - Levygraphie - Professional photographer Luxembourg\",\"isPartOf\":{\"@id\":\"https:\/\/www.levygraphie.lu\/en\/#website\"},\"datePublished\":\"2021-07-30T11:05:56+00:00\",\"dateModified\":\"2021-08-13T10:09:22+00:00\",\"breadcrumb\":{\"@id\":\"https:\/\/www.levygraphie.lu\/en\/cookie-policy\/#breadcrumb\"},\"inLanguage\":\"en-US\",\"potentialAction\":[{\"@type\":\"ReadAction\",\"target\":[\"https:\/\/www.levygraphie.lu\/en\/cookie-policy\/\"]}]},{\"@type\":\"BreadcrumbList\",\"@id\":\"https:\/\/www.levygraphie.lu\/en\/cookie-policy\/#breadcrumb\",\"itemListElement\":[{\"@type\":\"ListItem\",\"position\":1,\"name\":\"Home\",\"item\":\"https:\/\/www.levygraphie.lu\/en\/\"},{\"@type\":\"ListItem\",\"position\":2,\"name\":\"Cookie policy\"}]},{\"@type\":\"WebSite\",\"@id\":\"https:\/\/www.levygraphie.lu\/en\/#website\",\"url\":\"https:\/\/www.levygraphie.lu\/en\/\",\"name\":\"Levygraphie\",\"description\":\"Professional photographer Luxembourg\",\"publisher\":{\"@id\":\"https:\/\/www.levygraphie.lu\/en\/#organization\"},\"potentialAction\":[{\"@type\":\"SearchAction\",\"target\":{\"@type\":\"EntryPoint\",\"urlTemplate\":\"https:\/\/www.levygraphie.lu\/en\/?s={search_term_string}\"},\"query-input\":{\"@type\":\"PropertyValueSpecification\",\"valueRequired\":true,\"valueName\":\"search_term_string\"}}],\"inLanguage\":\"en-US\"},{\"@type\":\"Organization\",\"@id\":\"https:\/\/www.levygraphie.lu\/en\/#organization\",\"name\":\"Levygraphie\",\"url\":\"https:\/\/www.levygraphie.lu\/en\/\",\"logo\":{\"@type\":\"ImageObject\",\"inLanguage\":\"en-US\",\"@id\":\"https:\/\/www.levygraphie.lu\/en\/#\/schema\/logo\/image\/\",\"url\":\"https:\/\/www.levygraphie.lu\/wp-content\/uploads\/2021\/08\/logo_levygraphie-2.png\",\"contentUrl\":\"https:\/\/www.levygraphie.lu\/wp-content\/uploads\/2021\/08\/logo_levygraphie-2.png\",\"width\":568,\"height\":180,\"caption\":\"Levygraphie\"},\"image\":{\"@id\":\"https:\/\/www.levygraphie.lu\/en\/#\/schema\/logo\/image\/\"},\"sameAs\":[\"https:\/\/www.facebook.com\/Levygraphie-206714406062166\"]}]}<\/script>\n<!-- \/ Yoast SEO plugin. -->","yoast_head_json":{"title":"Cookie policy - Levygraphie - Professional photographer Luxembourg","robots":{"index":"index","follow":"follow","max-snippet":"max-snippet:-1","max-image-preview":"max-image-preview:large","max-video-preview":"max-video-preview:-1"},"canonical":"https:\/\/www.levygraphie.lu\/en\/cookie-policy\/","og_locale":"en_US","og_type":"article","og_title":"Cookie policy - Levygraphie - Professional photographer Luxembourg","og_description":"Cookie policy Que sont les cookies ? Un cookie est un petit fichier contenant du texte qu&#8217;un site web sauvegarde sur votre ordinateur ou votre appareil mobile lorsque vous visitez ce site. Les cookies sont largement utilis\u00e9s pour faire fonctionner un site web, ou pour...","og_url":"https:\/\/www.levygraphie.lu\/en\/cookie-policy\/","og_site_name":"Levygraphie","article_publisher":"https:\/\/www.facebook.com\/Levygraphie-206714406062166","article_modified_time":"2021-08-13T10:09:22+00:00","twitter_card":"summary_large_image","twitter_misc":{"Est. reading time":"2 minutes"},"schema":{"@context":"https:\/\/schema.org","@graph":[{"@type":"WebPage","@id":"https:\/\/www.levygraphie.lu\/en\/cookie-policy\/","url":"https:\/\/www.levygraphie.lu\/en\/cookie-policy\/","name":"Cookie policy - Levygraphie - Professional photographer Luxembourg","isPartOf":{"@id":"https:\/\/www.levygraphie.lu\/en\/#website"},"datePublished":"2021-07-30T11:05:56+00:00","dateModified":"2021-08-13T10:09:22+00:00","breadcrumb":{"@id":"https:\/\/www.levygraphie.lu\/en\/cookie-policy\/#breadcrumb"},"inLanguage":"en-US","potentialAction":[{"@type":"ReadAction","target":["https:\/\/www.levygraphie.lu\/en\/cookie-policy\/"]}]},{"@type":"BreadcrumbList","@id":"https:\/\/www.levygraphie.lu\/en\/cookie-policy\/#breadcrumb","itemListElement":[{"@type":"ListItem","position":1,"name":"Home","item":"https:\/\/www.levygraphie.lu\/en\/"},{"@type":"ListItem","position":2,"name":"Cookie policy"}]},{"@type":"WebSite","@id":"https:\/\/www.levygraphie.lu\/en\/#website","url":"https:\/\/www.levygraphie.lu\/en\/","name":"Levygraphie","description":"Professional photographer Luxembourg","publisher":{"@id":"https:\/\/www.levygraphie.lu\/en\/#organization"},"potentialAction":[{"@type":"SearchAction","target":{"@type":"EntryPoint","urlTemplate":"https:\/\/www.levygraphie.lu\/en\/?s={search_term_string}"},"query-input":{"@type":"PropertyValueSpecification","valueRequired":true,"valueName":"search_term_string"}}],"inLanguage":"en-US"},{"@type":"Organization","@id":"https:\/\/www.levygraphie.lu\/en\/#organization","name":"Levygraphie","url":"https:\/\/www.levygraphie.lu\/en\/","logo":{"@type":"ImageObject","inLanguage":"en-US","@id":"https:\/\/www.levygraphie.lu\/en\/#\/schema\/logo\/image\/","url":"https:\/\/www.levygraphie.lu\/wp-content\/uploads\/2021\/08\/logo_levygraphie-2.png","contentUrl":"https:\/\/www.levygraphie.lu\/wp-content\/uploads\/2021\/08\/logo_levygraphie-2.png","width":568,"height":180,"caption":"Levygraphie"},"image":{"@id":"https:\/\/www.levygraphie.lu\/en\/#\/schema\/logo\/image\/"},"sameAs":["https:\/\/www.facebook.com\/Levygraphie-206714406062166"]}]}},"_links":{"self":[{"href":"https:\/\/www.levygraphie.lu\/en\/wp-json\/wp\/v2\/pages\/27","targetHints":{"allow":["GET"]}}],"collection":[{"href":"https:\/\/www.levygraphie.lu\/en\/wp-json\/wp\/v2\/pages"}],"about":[{"href":"https:\/\/www.levygraphie.lu\/en\/wp-json\/wp\/v2\/types\/page"}],"author":[{"embeddable":true,"href":"https:\/\/www.levygraphie.lu\/en\/wp-json\/wp\/v2\/users\/1"}],"replies":[{"embeddable":true,"href":"https:\/\/www.levygraphie.lu\/en\/wp-json\/wp\/v2\/comments?post=27"}],"version-history":[{"count":0,"href":"https:\/\/www.levygraphie.lu\/en\/wp-json\/wp\/v2\/pages\/27\/revisions"}],"wp:attachment":[{"href":"https:\/\/www.levygraphie.lu\/en\/wp-json\/wp\/v2\/media?parent=27"}],"curies":[{"name":"wp","href":"https:\/\/api.w.org\/{rel}","templated":true}]}}